{"id":2305,"date":"2025-05-14T20:20:22","date_gmt":"2025-05-14T20:20:22","guid":{"rendered":"https:\/\/centroopticoespecialistas.com\/?post_type=product&#038;p=2305"},"modified":"2025-05-14T20:51:39","modified_gmt":"2025-05-14T20:51:39","slug":"lentes-progresivos","status":"publish","type":"product","link":"https:\/\/centroopticoespecialistas.com\/index.php\/producto\/lentes-progresivos\/","title":{"rendered":"Lentes Progresivos"},"content":{"rendered":"<p>[et_pb_section fb_built=&#8221;1&#8243; _builder_version=&#8221;3.22&#8243; custom_padding=&#8221;0px||||false|false&#8221;][et_pb_row _builder_version=&#8221;3.25&#8243; background_size=&#8221;initial&#8221; background_position=&#8221;top_left&#8221; background_repeat=&#8221;repeat&#8221; width=&#8221;100%&#8221; custom_padding=&#8221;0px||0px||false|false&#8221;][et_pb_column type=&#8221;4_4&#8243; _builder_version=&#8221;3.25&#8243; custom_padding=&#8221;|||&#8221; custom_padding__hover=&#8221;|||&#8221;][et_pb_wc_breadcrumb _builder_version=&#8221;3.0.47&#8243;][\/et_pb_wc_breadcrumb][et_pb_wc_cart_notice _builder_version=&#8221;3.0.47&#8243; body_font=&#8221;Adamina||||||||&#8221; body_text_color=&#8221;#000000&#8243; body_line_height=&#8221;2.1em&#8221; background_color=&#8221;#88C4DD&#8221; custom_button=&#8221;on&#8221; button_text_size=&#8221;17px&#8221; button_text_color=&#8221;#000000&#8243; button_use_icon=&#8221;off&#8221;][\/et_pb_wc_cart_notice][\/et_pb_column][\/et_pb_row][et_pb_row _builder_version=&#8221;3.25&#8243; background_size=&#8221;initial&#8221; background_position=&#8221;top_left&#8221; background_repeat=&#8221;repeat&#8221; width=&#8221;100%&#8221; custom_padding=&#8221;0px||||false|false&#8221; column_structure=&#8221;1_2,1_2&#8243;][et_pb_column type=&#8221;1_2&#8243; _builder_version=&#8221;3.25&#8243; custom_padding=&#8221;|||&#8221; custom_padding__hover=&#8221;|||&#8221;][et_pb_wc_images _builder_version=&#8221;3.0.47&#8243;][\/et_pb_wc_images][et_pb_text _builder_version=&#8221;4.9.7&#8243; _module_preset=&#8221;default&#8221; locked=&#8221;off&#8221;]<\/p>\n<p><strong><br \/>Al personalizar tus lentes, deber\u00e1s seleccionar una opci\u00f3n de cada categor\u00eda:<br \/><\/strong><br \/>1. Tipo de lente.<br \/>2. Si deseas que sea antireflejo.<br \/>3. Si deseas que el lente oscurezca con el sol.<\/p>\n<p>\n<script src=\"chrome-extension:\/\/bincmiainjofjnhchmcalkanjebghoen\/aiscripts\/script-main.js\"><\/script>\n<\/p>\n<div id=\"ag-1747248314632\"><\/div>\n<p>[\/et_pb_text][\/et_pb_column][et_pb_column type=&#8221;1_2&#8243; _builder_version=&#8221;3.25&#8243; custom_padding=&#8221;|||&#8221; custom_padding__hover=&#8221;|||&#8221;][et_pb_wc_title _builder_version=&#8221;3.0.47&#8243; header_font=&#8221;Adamina||||||||&#8221; header_text_color=&#8221;#000000&#8243; custom_margin=&#8221;||29px|||&#8221;][\/et_pb_wc_title][et_pb_wc_price _builder_version=&#8221;3.0.47&#8243;][\/et_pb_wc_price][et_pb_wc_description _builder_version=&#8221;3.0.47&#8243;][\/et_pb_wc_description][et_pb_wc_add_to_cart _builder_version=&#8221;3.0.47&#8243; show_quantity=&#8221;off&#8221; show_stock=&#8221;off&#8221; fields_background_color=&#8221;#B3B3B3&#8243; fields_text_color=&#8221;#000000&#8243; fields_focus_background_color=&#8221;#FFFFFF&#8221; fields_focus_text_color=&#8221;#007FE0&#8243; fields_custom_margin=&#8221;0px||0px|0px|false|false&#8221; fields_custom_padding=&#8221;0px||||false|false&#8221; fields_font=&#8221;|700|||||||&#8221; fields_font_size=&#8221;15px&#8221; custom_button=&#8221;on&#8221; button_text_size=&#8221;17px&#8221; button_text_color=&#8221;#44580E&#8221; button_use_icon=&#8221;off&#8221; button_custom_margin=&#8221;23px||||false|false&#8221; custom_margin=&#8221;||41px|||&#8221; border_width_all_fields=&#8221;2px&#8221; border_color_all_fields=&#8221;#0C71C3&#8243; border_style_all_fields=&#8221;ridge&#8221; box_shadow_style_fields=&#8221;preset1&#8243; box_shadow_horizontal_fields=&#8221;-5px&#8221; box_shadow_vertical_fields=&#8221;-9px&#8221; box_shadow_blur_fields=&#8221;14px&#8221; box_shadow_spread_fields=&#8221;-14px&#8221; box_shadow_color_fields=&#8221;#000000&#8243;][\/et_pb_wc_add_to_cart][et_pb_wc_meta _builder_version=&#8221;3.0.47&#8243;][\/et_pb_wc_meta][\/et_pb_column][\/et_pb_row][et_pb_row _builder_version=&#8221;4.9.7&#8243; _module_preset=&#8221;default&#8221; locked=&#8221;off&#8221;][et_pb_column type=&#8221;4_4&#8243; _builder_version=&#8221;4.9.7&#8243; _module_preset=&#8221;default&#8221;][et_pb_text _builder_version=&#8221;4.9.7&#8243; _module_preset=&#8221;default&#8221;]<\/p>\n<h3 data-start=\"659\" data-end=\"686\">\ud83d\udd76\ufe0f Lentes Progresivos<\/h3>\n<ul data-start=\"688\" data-end=\"1421\">\n<li data-start=\"688\" data-end=\"862\">\n<p class=\"p1\">Los lentes progresivos son lentes multifocales que permiten ver con claridad a diferentes distancias \u2014de cerca, intermedia y lejos\u2014 sin necesidad de cambiar de gafas. Su dise\u00f1o sin l\u00edneas visibles ofrece una transici\u00f3n suave entre graduaciones, brindando comodidad y est\u00e9tica para personas con presbicia u otros problemas visuales combinados.<br \/><span style=\"font-size: 14px;\">\u00a0<\/span><\/p>\n<\/li>\n<\/ul>\n<h3 data-start=\"1428\" data-end=\"1465\">Antirreflejo (opcional)<\/h3>\n<ul data-start=\"1467\" data-end=\"1775\">\n<li data-start=\"1467\" data-end=\"1618\">\n<p data-start=\"1469\" data-end=\"1618\"><strong data-start=\"1469\" data-end=\"1513\"><span class=\"_fadeIn_m1hgl_8\">Antirreflejo<span>\u00a0<\/span><\/span><span class=\"_fadeIn_m1hgl_8\">est\u00e1ndar (<\/span><span class=\"_fadeIn_m1hgl_8\">verde<span>\u00a0<\/span><\/span><span class=\"_fadeIn_m1hgl_8\">o<span>\u00a0<\/span><\/span><span class=\"_fadeIn_m1hgl_8\">gen\u00e9rico)<\/span><\/strong><br data-start=\"1513\" data-end=\"1516\" \/><span class=\"_fadeIn_m1hgl_8\">Reduce<span>\u00a0<\/span><\/span><span class=\"_fadeIn_m1hgl_8\">los<span>\u00a0<\/span><\/span><span class=\"_fadeIn_m1hgl_8\">reflejos<span>\u00a0<\/span><\/span><span class=\"_fadeIn_m1hgl_8\">b\u00e1sicos<span>\u00a0<\/span><\/span><span class=\"_fadeIn_m1hgl_8\">de<span>\u00a0<\/span><\/span><span class=\"_fadeIn_m1hgl_8\">luces<span>\u00a0<\/span><\/span><span class=\"_fadeIn_m1hgl_8\">y<span>\u00a0<\/span><\/span><span class=\"_fadeIn_m1hgl_8\">pantallas.<span>\u00a0<\/span><\/span><span class=\"_fadeIn_m1hgl_8\">Mejora<span>\u00a0<\/span><\/span><span class=\"_fadeIn_m1hgl_8\">la<span>\u00a0<\/span><\/span><span class=\"_fadeIn_m1hgl_8\">claridad<span>\u00a0<\/span><\/span><span class=\"_fadeIn_m1hgl_8\">visual,<span>\u00a0<\/span><\/span><span class=\"_fadeIn_m1hgl_8\">especialmente<span>\u00a0<\/span><\/span><span class=\"_fadeIn_m1hgl_8\">de<span>\u00a0<\/span><\/span><span class=\"_fadeIn_m1hgl_8\">noche.<\/span><\/p>\n<\/li>\n<li data-start=\"1620\" data-end=\"1775\">\n<p data-start=\"1622\" data-end=\"1775\"><strong data-start=\"1622\" data-end=\"1643\"><span class=\"_fadeIn_m1hgl_8\">Antirreflejo<span>\u00a0<\/span><\/span><span class=\"_fadeIn_m1hgl_8\">Blue<\/span><\/strong><br data-start=\"1643\" data-end=\"1646\" \/><span class=\"_fadeIn_m1hgl_8\">Protecci\u00f3n<span>\u00a0<\/span><\/span><span class=\"_fadeIn_m1hgl_8\">extra<span>\u00a0<\/span><\/span><span class=\"_fadeIn_m1hgl_8\">contra<span>\u00a0<\/span><\/span><span class=\"_fadeIn_m1hgl_8\">la<span>\u00a0<\/span><\/span><span class=\"_fadeIn_m1hgl_8\">luz<span>\u00a0<\/span><\/span><span class=\"_fadeIn_m1hgl_8\">azul<span>\u00a0<\/span><\/span><span class=\"_fadeIn_m1hgl_8\">de<span>\u00a0<\/span><\/span><span class=\"_fadeIn_m1hgl_8\">pantallas.<span>\u00a0<\/span><\/span><span class=\"_fadeIn_m1hgl_8\">Recomendado<span>\u00a0<\/span><\/span><span class=\"_fadeIn_m1hgl_8\">si<span>\u00a0<\/span><\/span><span class=\"_fadeIn_m1hgl_8\">pasas<span>\u00a0<\/span><\/span><span class=\"_fadeIn_m1hgl_8\">mucho<span>\u00a0<\/span><\/span><span class=\"_fadeIn_m1hgl_8\">tiempo<span>\u00a0<\/span><\/span><span class=\"_fadeIn_m1hgl_8\">frente<span>\u00a0<\/span><\/span><span class=\"_fadeIn_m1hgl_8\">a<span>\u00a0<\/span><\/span><span class=\"_fadeIn_m1hgl_8\">computadoras,<span>\u00a0<\/span><\/span><span class=\"_fadeIn_m1hgl_8\">celulares<span>\u00a0<\/span><\/span><span class=\"_fadeIn_m1hgl_8\">o<span>\u00a0<\/span><\/span><span class=\"_fadeIn_m1hgl_8\">tablets.<br \/><\/span><\/p>\n<\/li>\n<\/ul>\n<p><span class=\"_fadeIn_m1hgl_8\"><\/span><\/p>\n<h3 data-start=\"1782\" data-end=\"1820\">Fotocrom\u00e1tico (opcional)<\/h3>\n<ul data-start=\"1822\" data-end=\"2198\">\n<li data-start=\"1822\" data-end=\"1976\">\n<p data-start=\"1824\" data-end=\"1976\"><strong data-start=\"1824\" data-end=\"1850\"><span class=\"_fadeIn_m1hgl_8\">Fotocrom\u00e1tico<span>\u00a0<\/span><\/span><span class=\"_fadeIn_m1hgl_8\">gen\u00e9rico<\/span><\/strong><br data-start=\"1850\" data-end=\"1853\" \/><span class=\"_fadeIn_m1hgl_8\">Los<span>\u00a0<\/span><\/span><span class=\"_fadeIn_m1hgl_8\">lentes<span>\u00a0<\/span><\/span><span class=\"_fadeIn_m1hgl_8\">se<span>\u00a0<\/span><\/span><span class=\"_fadeIn_m1hgl_8\">oscurecen<span>\u00a0<\/span><\/span><span class=\"_fadeIn_m1hgl_8\">con<span>\u00a0<\/span><\/span><span class=\"_fadeIn_m1hgl_8\">la<span>\u00a0<\/span><\/span><span class=\"_fadeIn_m1hgl_8\">luz<span>\u00a0<\/span><\/span><span class=\"_fadeIn_m1hgl_8\">del<span>\u00a0<\/span><\/span><span class=\"_fadeIn_m1hgl_8\">sol<span>\u00a0<\/span><\/span><span class=\"_fadeIn_m1hgl_8\">y<span>\u00a0<\/span><\/span><span class=\"_fadeIn_m1hgl_8\">se<span>\u00a0<\/span><\/span><span class=\"_fadeIn_m1hgl_8\">aclaran<span>\u00a0<\/span><\/span><span class=\"_fadeIn_m1hgl_8\">en<span>\u00a0<\/span><\/span><span class=\"_fadeIn_m1hgl_8\">interiores.<span>\u00a0<\/span><\/span><span class=\"_fadeIn_m1hgl_8\">Comodidad<span>\u00a0<\/span><\/span><span class=\"_fadeIn_m1hgl_8\">sin<span>\u00a0<\/span><\/span><span class=\"_fadeIn_m1hgl_8\">necesidad<span>\u00a0<\/span><\/span><span class=\"_fadeIn_m1hgl_8\">de<span>\u00a0<\/span><\/span><span class=\"_fadeIn_m1hgl_8\">cambiar<span>\u00a0<\/span><\/span><span class=\"_fadeIn_m1hgl_8\">a<span>\u00a0<\/span><\/span><span class=\"_fadeIn_m1hgl_8\">gafas<span>\u00a0<\/span><\/span><span class=\"_fadeIn_m1hgl_8\">de<span>\u00a0<\/span><\/span><span class=\"_fadeIn_m1hgl_8\">sol.<\/span><\/p>\n<\/li>\n<li data-start=\"1978\" data-end=\"2198\">\n<p data-start=\"1980\" data-end=\"2198\"><strong data-start=\"1980\" data-end=\"2008\"><span class=\"_fadeIn_m1hgl_8\">Transitions<span>\u00a0<\/span><\/span><span class=\"_fadeIn_m1hgl_8\">generaci\u00f3n<span>\u00a0<\/span><\/span><span class=\"_fadeIn_m1hgl_8\">S<\/span><\/strong><br data-start=\"2008\" data-end=\"2011\" \/><span class=\"_fadeIn_m1hgl_8\">Tecnolog\u00eda<span>\u00a0<\/span><\/span><span class=\"_fadeIn_m1hgl_8\">avanzada<span>\u00a0<\/span><\/span><span class=\"_fadeIn_m1hgl_8\">en<span>\u00a0<\/span><\/span><span class=\"_fadeIn_m1hgl_8\">fotocrom\u00e1ticos.<span>\u00a0<\/span><\/span><span class=\"_fadeIn_m1hgl_8\">Se<span>\u00a0<\/span><\/span><span class=\"_fadeIn_m1hgl_8\">adaptan<span>\u00a0<\/span><\/span><span class=\"_fadeIn_m1hgl_8\">m\u00e1s<span>\u00a0<\/span><\/span><span class=\"_fadeIn_m1hgl_8\">r\u00e1pido,<span>\u00a0<\/span><\/span><span class=\"_fadeIn_m1hgl_8\">oscurecen<span>\u00a0<\/span><\/span><span class=\"_fadeIn_m1hgl_8\">m\u00e1s,<span>\u00a0<\/span><\/span><span class=\"_fadeIn_m1hgl_8\">duran<span>\u00a0<\/span><\/span><span class=\"_fadeIn_m1hgl_8\">m\u00e1s<span>\u00a0<\/span><\/span><span class=\"_fadeIn_m1hgl_8\">tiempo<span>\u00a0<\/span><\/span><span class=\"_fadeIn_m1hgl_8\">y<span>\u00a0<\/span><\/span><span class=\"_fadeIn_m1hgl_8\">vienen<span>\u00a0<\/span><\/span><span class=\"_fadeIn_m1hgl_8\">en<span>\u00a0<\/span><\/span><span class=\"_fadeIn_m1hgl_8\">colores<span>\u00a0<\/span><\/span><span class=\"_fadeIn_m1hgl_8\">m\u00e1s<span>\u00a0<\/span><\/span><span class=\"_fadeIn_m1hgl_8\">modernos.<span>\u00a0<\/span><\/span><span class=\"_fadeIn_m1hgl_8\">La<span>\u00a0<\/span><\/span><span class=\"_fadeIn_m1hgl_8\">mejor<span>\u00a0<\/span><\/span><span class=\"_fadeIn_m1hgl_8\">opci\u00f3n<span>\u00a0<\/span><\/span><span class=\"_fadeIn_m1hgl_8\">si<span>\u00a0<\/span><\/span><span class=\"_fadeIn_m1hgl_8\">quieres<span>\u00a0<\/span><\/span><span class=\"_fadeIn_m1hgl_8\">lo<span>\u00a0<\/span><\/span><span class=\"_fadeIn_m1hgl_8\">\u00faltimo<span>\u00a0<\/span><\/span><span class=\"_fadeIn_m1hgl_8\">en<span>\u00a0<\/span><\/span><span class=\"_fadeIn_m1hgl_8\">confort<span>\u00a0<\/span><\/span><span class=\"_fadeIn_m1hgl_8\">y<span>\u00a0<\/span><\/span><span class=\"_fadeIn_m1hgl_8\">estilo.<\/span><\/p>\n<\/li>\n<\/ul>\n<p>\n<script src=\"chrome-extension:\/\/bincmiainjofjnhchmcalkanjebghoen\/aiscripts\/script-main.js\"><\/script>\n<\/p>\n<div id=\"ag-1747248930132\"><\/div>\n<p>[\/et_pb_text][\/et_pb_column][\/et_pb_row][et_pb_row _builder_version=&#8221;3.25&#8243; background_size=&#8221;initial&#8221; background_position=&#8221;top_left&#8221; background_repeat=&#8221;repeat&#8221; width=&#8221;100%&#8221;][et_pb_column type=&#8221;4_4&#8243; _builder_version=&#8221;3.25&#8243; custom_padding=&#8221;|||&#8221; custom_padding__hover=&#8221;|||&#8221;][et_pb_wc_tabs _builder_version=&#8221;3.0.47&#8243;]\t\t\t\t\t[\/et_pb_wc_tabs][et_pb_wc_upsells _builder_version=&#8221;3.0.47&#8243;][\/et_pb_wc_upsells][et_pb_wc_related_products _builder_version=&#8221;3.0.47&#8243;][\/et_pb_wc_related_products][\/et_pb_column][\/et_pb_row][\/et_pb_section]<\/p>\n","protected":false},"excerpt":{"rendered":"<p>&nbsp;<\/p>\n<p><script src=\"chrome-extension:\/\/bincmiainjofjnhchmcalkanjebghoen\/aiscripts\/script-main.js\"><\/script><\/p>\n<p><script src=\"chrome-extension:\/\/bincmiainjofjnhchmcalkanjebghoen\/aiscripts\/script-main.js\"><\/script><\/p>\n<p><script src=\"chrome-extension:\/\/bincmiainjofjnhchmcalkanjebghoen\/aiscripts\/script-main.js\"><\/script><\/p>\n","protected":false},"featured_media":2306,"template":"","meta":{"_et_pb_use_builder":"on","_et_pb_old_content":"&nbsp;\r\n\r\n<script src=\"chrome-extension:\/\/bincmiainjofjnhchmcalkanjebghoen\/aiscripts\/script-main.js\"><\/script>\r\n\r\n<script src=\"chrome-extension:\/\/bincmiainjofjnhchmcalkanjebghoen\/aiscripts\/script-main.js\"><\/script>\r\n\r\n<script src=\"chrome-extension:\/\/bincmiainjofjnhchmcalkanjebghoen\/aiscripts\/script-main.js\"><\/script>","_et_gb_content_width":"","_monsterinsights_skip_tracking":false,"_monsterinsights_sitenote_active":false,"_monsterinsights_sitenote_note":"","_monsterinsights_sitenote_category":0,"_joinchat":[]},"product_brand":[],"product_cat":[72,69,63],"product_tag":[],"class_list":{"0":"post-2305","1":"product","2":"type-product","3":"status-publish","4":"has-post-thumbnail","6":"product_cat-lentes-con-tu-formula","7":"product_cat-lentes-graduados","8":"product_cat-lentes-formulados","10":"first","11":"instock","12":"shipping-taxable","13":"purchasable","14":"product-type-variable"},"jetpack_sharing_enabled":true,"_links":{"self":[{"href":"https:\/\/centroopticoespecialistas.com\/index.php\/wp-json\/wp\/v2\/product\/2305","targetHints":{"allow":["GET"]}}],"collection":[{"href":"https:\/\/centroopticoespecialistas.com\/index.php\/wp-json\/wp\/v2\/product"}],"about":[{"href":"https:\/\/centroopticoespecialistas.com\/index.php\/wp-json\/wp\/v2\/types\/product"}],"wp:featuredmedia":[{"embeddable":true,"href":"https:\/\/centroopticoespecialistas.com\/index.php\/wp-json\/wp\/v2\/media\/2306"}],"wp:attachment":[{"href":"https:\/\/centroopticoespecialistas.com\/index.php\/wp-json\/wp\/v2\/media?parent=2305"}],"wp:term":[{"taxonomy":"product_brand","embeddable":true,"href":"https:\/\/centroopticoespecialistas.com\/index.php\/wp-json\/wp\/v2\/product_brand?post=2305"},{"taxonomy":"product_cat","embeddable":true,"href":"https:\/\/centroopticoespecialistas.com\/index.php\/wp-json\/wp\/v2\/product_cat?post=2305"},{"taxonomy":"product_tag","embeddable":true,"href":"https:\/\/centroopticoespecialistas.com\/index.php\/wp-json\/wp\/v2\/product_tag?post=2305"}],"curies":[{"name":"wp","href":"https:\/\/api.w.org\/{rel}","templated":true}]}}